{"id":700,"date":"2023-08-23T10:44:11","date_gmt":"2023-08-23T13:44:11","guid":{"rendered":"https:\/\/aldolammel.com\/loja\/?post_type=product&#038;p=700"},"modified":"2025-06-02T10:49:02","modified_gmt":"2025-06-02T13:49:02","slug":"operacao-campos-de-cima-da-serra-ebook-kindle","status":"publish","type":"product","link":"https:\/\/aldolammel.com\/loja\/produto\/operacao-campos-de-cima-da-serra-ebook-kindle\/","title":{"rendered":"Opera\u00e7\u00e3o Campos de Cima da Serra (eBook Kindle)"},"content":{"rendered":"<p>A viagem se iniciou dia 15 de janeiro, em Canela, seguiu por terras ga\u00fachas em dire\u00e7\u00e3o a S\u00e3o Francisco de Paula, Cambar\u00e1 do Sul, S\u00e3o Jos\u00e9 dos Ausentes, at\u00e9 chegar em Silveira, um vilarejo aos p\u00e9s do Pico do Montenegro, o mais alto do estado, com seus 1.440 metros. Depois, j\u00e1 em solo catarinense, seguiu por Bom Jardim da Serra, Urubici, Serra do Corvo Branco, Bra\u00e7o do Norte, Laguna, e, finalmente, Praia da Pinheira, 60 km ao sul de Florian\u00f3polis, onde se encerrou. A capa \u00e9 de Gabriel Renner.<\/p>\n<p><strong>Dados do produto:<\/strong><\/p>\n<ul>\n<li><strong>ASIN:<\/strong> B08D3MP7J3<\/li>\n<li><strong>Autor:<\/strong>Dem\u00e9trio de Azeredo Soster<\/li>\n<li><strong>Edi\u00e7\u00e3o:<\/strong> 1\u00aa, Editora Catarse (2020)<\/li>\n<li><b>N\u00ba de p\u00e1ginas:<\/b> 111<\/li>\n<li><b>Idioma:<\/b> Portugu\u00eas brasileiro<\/li>\n<li><b>Faixa et\u00e1ria:<\/b> Livre<\/li>\n<li><b>Formato:<\/b> Kindle (.awz)<\/li>\n<li><b>Tamanho do arquivo:<\/b> ~46Mb<\/li>\n<li><strong>Leitores compat\u00edveis:<\/strong> <a href=\"https:\/\/www.google.com\/search?q=comprar+%2B+kindle+%2B+dispositivo+%2B+site%3Aamazon.com.br&amp;sxsrf=ALeKk01pdesi09zUtpCNlUFJ0cF5m2Odiw%3A1629308826607&amp;ei=mkcdYa3AJL-s5OUPy9m3mAs&amp;oq=comprar+%2B+kindle+%2B+dispositivo+%2B+site%3Aamazon.com.br&amp;gs_lcp=Cgdnd3Mtd2l6EAM6BwgAEEcQsAM6BggAEBYQHjoGCAAQCBAeOggIIRAWEB0QHjoFCCEQoAFKBAhBGABQg4ECWKWFA2C8iANoA3ACeACAAaQBiAGyF5IBBDMuMjOYAQCgAQGgAQKwAQDIAQjAAQE&amp;sclient=gws-wiz&amp;ved=0ahUKEwit9dqukLvyAhU_FrkGHcvsDbMQ4dUDCA4&amp;uact=5\" target=\"_blank\" rel=\"noopener\">Dispositivos Kindle<\/a>, <a href=\"https:\/\/play.google.com\/store\/apps\/details?id=com.amazon.kindle&amp;hl=pt-br\" target=\"_blank\" rel=\"noopener\">Kindle App (Android)<\/a>, <a href=\"https:\/\/apps.apple.com\/br\/app\/amazon-kindle\/id302584613\" target=\"_blank\" rel=\"noopener\">Kindle App (iOS)<\/a>, <a href=\"https:\/\/www.amazon.com.br\/b?ie=UTF8&amp;node=17877530011\" target=\"_blank\" rel=\"noopener\">Kindle PC (Windows)<\/a>, <a href=\"https:\/\/www.amazon.com.br\/b?ie=UTF8&amp;node=17877530011\" target=\"_blank\" rel=\"noopener\">Kindle Mac (MacOS)<\/a><\/li>\n<\/ul>\n","protected":false},"excerpt":{"rendered":"<p>O livro Opera\u00e7\u00e3o Campos de Cima da Serra (Catarse, 2020) relata a cicloviagem de 11 dias, ou 727 km, que Dem\u00e9trio de Azeredo Soster, professor da Universidade Federal de Sergipe (UFS), realizou em janeiro de 2020 pelos Campos de Cima da Serra, regi\u00e3o com \u00e1rea de 21 mil quil\u00f4metros quadrados localizada no nordeste do Rio Grande do Sul, Brasil, e parte do estado de Santa Catarina.<\/p>\n","protected":false},"featured_media":697,"comment_status":"open","ping_status":"closed","template":"","meta":[],"product_brand":[],"product_cat":[15],"product_tag":[39,83,37,43,40,41,32],"class_list":{"0":"post-700","1":"product","2":"type-product","3":"status-publish","4":"has-post-thumbnail","6":"product_cat-livros","7":"product_tag-bikepacking","8":"product_tag-brasil","9":"product_tag-cicloviagem","10":"product_tag-kindle","11":"product_tag-memorias","12":"product_tag-nao-ficcao","13":"product_tag-relatos-de-viagem","15":"first","16":"instock","17":"shipping-taxable","18":"product-type-external"},"jetpack_sharing_enabled":true,"_links":{"self":[{"href":"https:\/\/aldolammel.com\/loja\/wp-json\/wp\/v2\/product\/700","targetHints":{"allow":["GET"]}}],"collection":[{"href":"https:\/\/aldolammel.com\/loja\/wp-json\/wp\/v2\/product"}],"about":[{"href":"https:\/\/aldolammel.com\/loja\/wp-json\/wp\/v2\/types\/product"}],"replies":[{"embeddable":true,"href":"https:\/\/aldolammel.com\/loja\/wp-json\/wp\/v2\/comments?post=700"}],"wp:featuredmedia":[{"embeddable":true,"href":"https:\/\/aldolammel.com\/loja\/wp-json\/wp\/v2\/media\/697"}],"wp:attachment":[{"href":"https:\/\/aldolammel.com\/loja\/wp-json\/wp\/v2\/media?parent=700"}],"wp:term":[{"taxonomy":"product_brand","embeddable":true,"href":"https:\/\/aldolammel.com\/loja\/wp-json\/wp\/v2\/product_brand?post=700"},{"taxonomy":"product_cat","embeddable":true,"href":"https:\/\/aldolammel.com\/loja\/wp-json\/wp\/v2\/product_cat?post=700"},{"taxonomy":"product_tag","embeddable":true,"href":"https:\/\/aldolammel.com\/loja\/wp-json\/wp\/v2\/product_tag?post=700"}],"curies":[{"name":"wp","href":"https:\/\/api.w.org\/{rel}","templated":true}]}}