{"id":693,"date":"2023-07-10T19:48:51","date_gmt":"2023-07-10T22:48:51","guid":{"rendered":"https:\/\/aldolammel.com\/loja\/?post_type=product&#038;p=693"},"modified":"2025-06-02T10:48:31","modified_gmt":"2025-06-02T13:48:31","slug":"operacao-carretera-austral-ebook-kindle","status":"publish","type":"product","link":"https:\/\/aldolammel.com\/loja\/produto\/operacao-carretera-austral-ebook-kindle\/","title":{"rendered":"Opera\u00e7\u00e3o Carretera Austral (eBook Kindle)"},"content":{"rendered":"<p><strong>Dados do produto:<\/strong><\/p>\n<ul>\n<li><strong>ASIN:<\/strong> B08354D24B<\/li>\n<li><strong>Autor: <\/strong>Dem\u00e9trio de Azeredo Soster<\/li>\n<li><strong>Edi\u00e7\u00e3o:<\/strong> 1\u00aa, Editora Catarse (12\/2019)<\/li>\n<li><b>N\u00ba de p\u00e1ginas:<\/b> 210<\/li>\n<li><b>Idioma:<\/b>\u00a0Portugu\u00eas brasileiro<\/li>\n<li><b>Faixa et\u00e1ria:<\/b> Livre<\/li>\n<li><b>Formato:<\/b> Kindle (.awz)<\/li>\n<li><b>Tamanho do arquivo:<\/b> 68Mb<\/li>\n<li><strong>Leitores compat\u00edveis:<\/strong>\u00a0<a href=\"https:\/\/www.google.com\/search?q=comprar+%2B+kindle+%2B+dispositivo+%2B+site%3Aamazon.com.br&amp;sxsrf=ALeKk01pdesi09zUtpCNlUFJ0cF5m2Odiw%3A1629308826607&amp;ei=mkcdYa3AJL-s5OUPy9m3mAs&amp;oq=comprar+%2B+kindle+%2B+dispositivo+%2B+site%3Aamazon.com.br&amp;gs_lcp=Cgdnd3Mtd2l6EAM6BwgAEEcQsAM6BggAEBYQHjoGCAAQCBAeOggIIRAWEB0QHjoFCCEQoAFKBAhBGABQg4ECWKWFA2C8iANoA3ACeACAAaQBiAGyF5IBBDMuMjOYAQCgAQGgAQKwAQDIAQjAAQE&amp;sclient=gws-wiz&amp;ved=0ahUKEwit9dqukLvyAhU_FrkGHcvsDbMQ4dUDCA4&amp;uact=5\" target=\"_blank\" rel=\"noopener\">Dispositivos Kindle<\/a>,\u00a0<a href=\"https:\/\/play.google.com\/store\/apps\/details?id=com.amazon.kindle&amp;hl=pt-br\" target=\"_blank\" rel=\"noopener\">Kindle App (Android)<\/a>,\u00a0<a href=\"https:\/\/apps.apple.com\/br\/app\/amazon-kindle\/id302584613\" target=\"_blank\" rel=\"noopener\">Kindle App (iOS)<\/a>,\u00a0<a href=\"https:\/\/www.amazon.com.br\/b?ie=UTF8&amp;node=17877530011\" target=\"_blank\" rel=\"noopener\">Kindle PC (Windows)<\/a>,\u00a0<a href=\"https:\/\/www.amazon.com.br\/b?ie=UTF8&amp;node=17877530011\" target=\"_blank\" rel=\"noopener\">Kindle Mac (MacOS)<\/a><\/li>\n<\/ul>\n","protected":false},"excerpt":{"rendered":"<p>O livro &#8220;Opera\u00e7\u00e3o Carretera Austral&#8221; relata, no estilo narrativas de viagem, a cicloviagem de 1.815 km que Dem\u00e9trio de Azeredo Soster realizou durante 25 dias pelas patag\u00f4nias argentina e chilena em janeiro de 2019, percorrendo, no caminho, a m\u00edtica Carretera Austral. O livro tem 149 p\u00e1ginas e fotos coloridas em todas as p\u00e1ginas, al\u00e9m de mapas do roteiro e dicas para quem quer se aventurar de bicicleta. Sobre a obra, em sua apresenta\u00e7\u00e3o, Airton Ortiz, escritor-viajante especialista em narrativas de viagem, destaca: \u201cN\u00e3o \u00e9 o primeiro livro de Dem\u00e9trio de Azeredo Soster e, pelo jeito, n\u00e3o ser\u00e1 o \u00faltimo. Vontade de se aventurar, ele tem; capacidade de escrever, tamb\u00e9m; e leitores n\u00e3o faltar\u00e3o. Duvida? Ent\u00e3o, v\u00e1 l\u00e1: abra a primeira p\u00e1gina que prometo que voc\u00ea s\u00f3 fechar\u00e1 o livro na \u00faltima. Depois, bem, depois se voc\u00ea decidir pegar uma bicicleta e cair no mundo; bem, bem&#8230; a\u00ed j\u00e1 n\u00e3o me responsabilizo\u201d. A capa \u00e9 do designer gr\u00e1fico Gabriel Renner.<\/p>\n","protected":false},"featured_media":691,"comment_status":"open","ping_status":"closed","template":"","meta":[],"product_brand":[],"product_cat":[15,63],"product_tag":[64,68,78,53,37,82,25,43],"class_list":{"0":"post-693","1":"product","2":"type-product","3":"status-publish","4":"has-post-thumbnail","6":"product_cat-livros","7":"product_cat-entrega-internacional","8":"product_tag-amazon","9":"product_tag-america-do-sul","10":"product_tag-bicicleta","11":"product_tag-chile","12":"product_tag-cicloviagem","13":"product_tag-demetrio-soster","14":"product_tag-ebook","15":"product_tag-kindle","17":"first","18":"instock","19":"shipping-taxable","20":"product-type-external"},"jetpack_sharing_enabled":true,"_links":{"self":[{"href":"https:\/\/aldolammel.com\/loja\/wp-json\/wp\/v2\/product\/693","targetHints":{"allow":["GET"]}}],"collection":[{"href":"https:\/\/aldolammel.com\/loja\/wp-json\/wp\/v2\/product"}],"about":[{"href":"https:\/\/aldolammel.com\/loja\/wp-json\/wp\/v2\/types\/product"}],"replies":[{"embeddable":true,"href":"https:\/\/aldolammel.com\/loja\/wp-json\/wp\/v2\/comments?post=693"}],"wp:featuredmedia":[{"embeddable":true,"href":"https:\/\/aldolammel.com\/loja\/wp-json\/wp\/v2\/media\/691"}],"wp:attachment":[{"href":"https:\/\/aldolammel.com\/loja\/wp-json\/wp\/v2\/media?parent=693"}],"wp:term":[{"taxonomy":"product_brand","embeddable":true,"href":"https:\/\/aldolammel.com\/loja\/wp-json\/wp\/v2\/product_brand?post=693"},{"taxonomy":"product_cat","embeddable":true,"href":"https:\/\/aldolammel.com\/loja\/wp-json\/wp\/v2\/product_cat?post=693"},{"taxonomy":"product_tag","embeddable":true,"href":"https:\/\/aldolammel.com\/loja\/wp-json\/wp\/v2\/product_tag?post=693"}],"curies":[{"name":"wp","href":"https:\/\/api.w.org\/{rel}","templated":true}]}}