{"id":673,"date":"2023-06-23T19:08:49","date_gmt":"2023-06-23T22:08:49","guid":{"rendered":"https:\/\/aldolammel.com\/loja\/?post_type=product&#038;p=673"},"modified":"2025-11-20T18:20:59","modified_gmt":"2025-11-20T21:20:59","slug":"a-grande-viagem-18-250km-de-bicicleta-pela-america-pdf","status":"publish","type":"product","link":"https:\/\/aldolammel.com\/loja\/produto\/a-grande-viagem-18-250km-de-bicicleta-pela-america-pdf\/","title":{"rendered":"A Grande Viagem: 18.250km de bicicleta pela Am\u00e9rica (PDF)"},"content":{"rendered":"<p>\u201cA grande viagem: 18.250 km de bicicleta pela am\u00e9rica &#8211; a incr\u00edvel aventura de Miguel Lawisch, cicloturista ga\u00facho que, na d\u00e9cada de 90, pedalou sozinho de Santa Cruz do Sul (RS) at\u00e9 Los Angeles (EUA)&#8221;, do professor, escritor e jornalista Dem\u00e9trio de Azeredo Soster. O pref\u00e1cio \u00e9 do cicloturista e escritor Charles Zimmernann; a apresenta\u00e7\u00e3o, de Luiz Faccin e o posf\u00e1cio e revis\u00e3o cr\u00edtica do pr\u00f3prio Miguel Lawisch.<\/p>\n<p>Sobre a obra, Zimmermann, um dos mais conhecidos cicloturistas brasileiro, autor de livros sobre o tema, comenta que \u201cesse \u00e9 um daqueles livros que vai te fazer balan\u00e7ar seus pensamentos para come\u00e7ar a se arrumar para sair pedalando sua regi\u00e3o, nosso pa\u00eds, nosso continente, ou nosso mundo, logo nas pr\u00f3ximas semanas ap\u00f3s fechar essas p\u00e1ginas\u201d.<\/p>\n<p>J\u00e1 Faccin, que assina a orelha da obra e cuja fam\u00edlia apoiou a realiza\u00e7\u00e3o da grande viagem, salienta que lembra \u201c(&#8230;) o dia da partida quando o Miguel passou em frente \u00e0 loja para uma r\u00e1pida despedida e uma foto. Logo em seguida, descendo a rua de paralelep\u00edpedos e seguindo \u00e0 direita na esquina. Foi um sentimento real de despedida, um amigo estava iniciando uma aventura, ser\u00e1 que retornaria, quando? Quando ter\u00edamos not\u00edcias?\u201d<\/p>\n<p>O livro \u00e9 dividido em tr\u00eas grandes blocos: o primeiro, composto de 16 cap\u00edtulos, inicia-se com uma breve contextualiza\u00e7\u00e3o de quem era Miguel Pedro Lawisch antes de pegar a estrada em dire\u00e7\u00e3o a Los Angeles, bem como suas primeiras aventuras de bicicleta, e se encerra quando ele finalmente alcan\u00e7a Roraima, \u00faltimo estado onde esteve antes de deixar o pa\u00eds.<\/p>\n<p>O segundo bloco, com nove cap\u00edtulos, tem a ver especificamente com a passagem pela Am\u00e9rica Central, enquanto que o terceiro e derradeiro, composto igualmente de nove cap\u00edtulos, com o que viveu no M\u00e9xico e nos Estados Unidos por aqueles dias. Cada cap\u00edtulo \u00e9 aberto com um mapa para que o leitor tenha um vis\u00e3o mais clara do trecho da viagem em quest\u00e3o.<\/p>\n<p><strong>Dados do produto:<\/strong><\/p>\n<ul>\n<li><strong>ISBN:<\/strong> <span class=\"table flex justify-center\">978-85-69563-53-2<\/span><\/li>\n<li><strong>Autor: <\/strong>Dem\u00e9trio de Azeredo Soster<\/li>\n<li><strong>Edi\u00e7\u00e3o:<\/strong> 1\u00aa, Editora Catarse (03\/2023)<\/li>\n<li><b>N\u00ba de p\u00e1ginas:<\/b> 218<\/li>\n<li><b>Idioma:<\/b>\u00a0Portugu\u00eas brasileiro<\/li>\n<li><b>Faixa et\u00e1ria:<\/b> Livre<\/li>\n<li><b>Formato:<\/b> PDF (.pdf)<\/li>\n<li><b>Tamanho do arquivo:<\/b> 11 Mb<\/li>\n<li><strong>Leitores compat\u00edveis:\u00a0<\/strong><a href=\"https:\/\/play.google.com\/store\/apps\/details?id=org.readera&amp;hl=pt\" target=\"_blank\" rel=\"noopener\">ReadEra (Android)<\/a>,\u00a0<a href=\"https:\/\/calibre-ebook.com\/download\" target=\"_blank\" rel=\"noopener\">Calibre (Windows\/Linux)<\/a>, ??? (iOS), ??? (MacOS),\u00a0<a href=\"https:\/\/gl.kobobooks.com\/pt-br\" target=\"_blank\" rel=\"noopener\">dispositivos Kobo<\/a><\/li>\n<\/ul>\n","protected":false},"excerpt":{"rendered":"<p>\u201cA grande viagem: 18.250 km de bicicleta pela am\u00e9rica &#8211; a incr\u00edvel aventura de Miguel Lawisch, cicloturista ga\u00facho que, na d\u00e9cada de 90, pedalou sozinho de Santa Cruz do Sul (RS) at\u00e9 Los Angeles (EUA)&#8221;, do professor, escritor e jornalista Dem\u00e9trio de Azeredo Soster. O pref\u00e1cio \u00e9 do cicloturista e escritor Charles Zimmernann; a apresenta\u00e7\u00e3o, de Luiz Faccin e o posf\u00e1cio e revis\u00e3o cr\u00edtica do pr\u00f3prio Miguel Lawisch.<\/p>\n","protected":false},"featured_media":675,"comment_status":"open","ping_status":"closed","template":"","meta":[],"product_brand":[],"product_cat":[15,63],"product_tag":[75,77,76,38,37],"class_list":{"0":"post-673","1":"product","2":"type-product","3":"status-publish","4":"has-post-thumbnail","6":"product_cat-livros","7":"product_cat-entrega-internacional","8":"product_tag-90s","9":"product_tag-america-do-norte","10":"product_tag-california","11":"product_tag-cicloturismo","12":"product_tag-cicloviagem","14":"first","15":"instock","16":"downloadable","17":"virtual","18":"purchasable","19":"product-type-simple"},"jetpack_sharing_enabled":true,"_links":{"self":[{"href":"https:\/\/aldolammel.com\/loja\/wp-json\/wp\/v2\/product\/673","targetHints":{"allow":["GET"]}}],"collection":[{"href":"https:\/\/aldolammel.com\/loja\/wp-json\/wp\/v2\/product"}],"about":[{"href":"https:\/\/aldolammel.com\/loja\/wp-json\/wp\/v2\/types\/product"}],"replies":[{"embeddable":true,"href":"https:\/\/aldolammel.com\/loja\/wp-json\/wp\/v2\/comments?post=673"}],"wp:featuredmedia":[{"embeddable":true,"href":"https:\/\/aldolammel.com\/loja\/wp-json\/wp\/v2\/media\/675"}],"wp:attachment":[{"href":"https:\/\/aldolammel.com\/loja\/wp-json\/wp\/v2\/media?parent=673"}],"wp:term":[{"taxonomy":"product_brand","embeddable":true,"href":"https:\/\/aldolammel.com\/loja\/wp-json\/wp\/v2\/product_brand?post=673"},{"taxonomy":"product_cat","embeddable":true,"href":"https:\/\/aldolammel.com\/loja\/wp-json\/wp\/v2\/product_cat?post=673"},{"taxonomy":"product_tag","embeddable":true,"href":"https:\/\/aldolammel.com\/loja\/wp-json\/wp\/v2\/product_tag?post=673"}],"curies":[{"name":"wp","href":"https:\/\/api.w.org\/{rel}","templated":true}]}}