{"id":642,"date":"2021-11-30T17:35:09","date_gmt":"2021-11-30T20:35:09","guid":{"rendered":"https:\/\/aldolammel.com\/loja\/?post_type=product&#038;p=642"},"modified":"2025-06-02T10:50:56","modified_gmt":"2025-06-02T13:50:56","slug":"o-mundo-ao-lado-de-arthur-simoes-2a-edicao-ebook-kindle","status":"publish","type":"product","link":"https:\/\/aldolammel.com\/loja\/produto\/o-mundo-ao-lado-de-arthur-simoes-2a-edicao-ebook-kindle\/","title":{"rendered":"O Mundo ao Lado, de Arthur Sim\u00f5es, 2\u00aa edi\u00e7\u00e3o (eBook Kindle)"},"content":{"rendered":"<p><em>O Mundo ao Lado<\/em> foi o di\u00e1rio que inspirou Aldo Lammel a fazer sua pr\u00f3pria volta ao mundo, contado no livro <em>Dia 922<\/em>.<\/p>\n","protected":false},"excerpt":{"rendered":"<div id=\"bookDescription_feature_div\" class=\"celwidget\" data-feature-name=\"bookDescription\" data-csa-c-id=\"ljxcvo-7f6ync-u89n5z-aquh7n\" data-cel-widget=\"bookDescription_feature_div\">\n<div class=\"a-expander-collapsed-height a-row a-expander-container a-spacing-base a-expander-partial-collapse-container\" aria-live=\"polite\" data-a-expander-name=\"book_description_expander\" data-a-expander-collapsed-height=\"140\">\n<div class=\"a-expander-content a-expander-partial-collapse-content\" aria-expanded=\"false\">Escrito por Arthur Sim\u00f5es, <strong><em>O Mundo ao Lado, Uma volta ao mundo de bicicleta<\/em><\/strong> relata os epis\u00f3dios mais marcantes de Arthur durante sua viagem, um per\u00edodo de mais de tr\u00eas anos na estrada. Entre mem\u00f3rias, reflex\u00f5es e trechos de meu di\u00e1rio, me esforcei para conduzir o leitor pelo mesmo roteiro dessa longa jornada, assim como para a solid\u00e3o e o sil\u00eancio da estrada, para acampamentos no deserto, para as d\u00favidas e as incertezas sobre o amanh\u00e3, e para as surpresas e dificuldades do caminho; por\u00e9m, mais que isso, para um mundo novo e desconhecido, para o Mundo ao Lado.<\/div>\n<\/div>\n<\/div>\n","protected":false},"featured_media":641,"comment_status":"open","ping_status":"closed","template":"","meta":[],"product_brand":[],"product_cat":[15],"product_tag":[70,38,37,17,25,43,41,72,71,20,62],"class_list":{"0":"post-642","1":"product","2":"type-product","3":"status-publish","4":"has-post-thumbnail","6":"product_cat-livros","7":"product_tag-arthur-simoes","8":"product_tag-cicloturismo","9":"product_tag-cicloviagem","10":"product_tag-diario","11":"product_tag-ebook","12":"product_tag-kindle","13":"product_tag-nao-ficcao","14":"product_tag-oriente-medio","15":"product_tag-sudeste-asiatico","16":"product_tag-volta-ao-mundo","17":"product_tag-word-trip","19":"first","20":"instock","21":"shipping-taxable","22":"product-type-external"},"jetpack_sharing_enabled":true,"_links":{"self":[{"href":"https:\/\/aldolammel.com\/loja\/wp-json\/wp\/v2\/product\/642","targetHints":{"allow":["GET"]}}],"collection":[{"href":"https:\/\/aldolammel.com\/loja\/wp-json\/wp\/v2\/product"}],"about":[{"href":"https:\/\/aldolammel.com\/loja\/wp-json\/wp\/v2\/types\/product"}],"replies":[{"embeddable":true,"href":"https:\/\/aldolammel.com\/loja\/wp-json\/wp\/v2\/comments?post=642"}],"wp:featuredmedia":[{"embeddable":true,"href":"https:\/\/aldolammel.com\/loja\/wp-json\/wp\/v2\/media\/641"}],"wp:attachment":[{"href":"https:\/\/aldolammel.com\/loja\/wp-json\/wp\/v2\/media?parent=642"}],"wp:term":[{"taxonomy":"product_brand","embeddable":true,"href":"https:\/\/aldolammel.com\/loja\/wp-json\/wp\/v2\/product_brand?post=642"},{"taxonomy":"product_cat","embeddable":true,"href":"https:\/\/aldolammel.com\/loja\/wp-json\/wp\/v2\/product_cat?post=642"},{"taxonomy":"product_tag","embeddable":true,"href":"https:\/\/aldolammel.com\/loja\/wp-json\/wp\/v2\/product_tag?post=642"}],"curies":[{"name":"wp","href":"https:\/\/api.w.org\/{rel}","templated":true}]}}