{"id":628,"date":"2021-11-20T16:54:32","date_gmt":"2021-11-20T19:54:32","guid":{"rendered":"https:\/\/aldolammel.com\/loja\/?post_type=product&#038;p=628"},"modified":"2025-11-21T16:28:00","modified_gmt":"2025-11-21T19:28:00","slug":"dia-922-dedicatoria-assinada-frete-gratis","status":"publish","type":"product","link":"https:\/\/aldolammel.com\/loja\/produto\/dia-922-dedicatoria-assinada-frete-gratis\/","title":{"rendered":"Dia 922 (Capa comum) + Dedicat\u00f3ria assinada + Frete gr\u00e1tis Brasil"},"content":{"rendered":"<p><strong>Vers\u00e3o com a dedicat\u00f3ria de Aldo Lammel escrita a pr\u00f3prio punho exclusiva e \u00fanica para voc\u00ea: <\/strong>como muitos f\u00e3s est\u00e3o espalhados pelo Brasil, a forma de levar um pouco mais de diferencia\u00e7\u00e3o e proximidade com voc\u00ea \u00e9 o autor poder escrever algo exclusivo para voc\u00ea como lembran\u00e7a de uma aventura mundial e \u00e9poca. Ap\u00f3s a compra, avise-nos pelo WhatsApp que aparecer\u00e1 em seu e-mail para que o Aldo possa lhe agradecer por \u00e1udio.<\/p>\n<p><strong>No caso de voc\u00ea estar comprando para presentear algu\u00e9m: <\/strong>quando algu\u00e9m \u00e9 verdadeiramente especial para n\u00f3s, um livro como o <em>Dia 922<\/em> sempre enriquece de experi\u00eancia o leitor, seja atrav\u00e9s de caminhos misteriosos, seja pela identifica\u00e7\u00e3o da hist\u00f3ria contada. N\u00e3o esque\u00e7a de, ap\u00f3s a compra, escrever para o WhatsApp que aparecer\u00e1 em seu e-mail, dizendo-nos o nome da pessoa presenteada e quem ele ou ela \u00e9 para voc\u00ea. Assim, junto com a dedicat\u00f3ria, o autor da obra poder\u00e1 enviar um \u00e1udio especial de agradecimento tanto para voc\u00ea quanto para a pessoa presenteada.<\/p>\n","protected":false},"excerpt":{"rendered":"<p><strong>Frete gr\u00e1tis somente para entregas no Brasil.<\/strong><\/p>\n<p><strong>E se voc\u00ea dedicasse tr\u00eas anos da sua vida para viajar o mundo do jeito que fosse poss\u00edvel? Qual seria o dia que mais o marcaria?<\/strong><\/p>\n<p><em><strong>Dia 922<\/strong><\/em> \u00e9 um mergulho visceral na vida n\u00f4made de um brasileiro de 30 anos em sua aventura global, sem dinheiro, sem falar outros idiomas e sozinho por 1.135 dias de estrada.<\/p>\n<p>Escrito ao longo dos 33 pa\u00edses da jornada, o livro \u00e9 um registro vivo de pessoas, lugares e o tempo em movimento. Uma hist\u00f3ria real sobre sonhar, fazer acontecer e se divertir.<\/p>\n<p><strong>Demonstra\u00e7\u00e3o:<\/strong><\/p>\n<ul>\n<li><a href=\"https:\/\/medium.com\/p\/7894f6d1afd2\" target=\"_blank\" rel=\"noopener noreferrer\">Cap\u00edtulo de introdu\u00e7\u00e3o<\/a><\/li>\n<\/ul>\n<p><strong>Dados do produto:<\/strong><\/p>\n<ul>\n<li><strong>ISBN:<\/strong> 978-65-00-29369-2<\/li>\n<li><strong>Autor: <\/strong>Aldo Lammel<\/li>\n<li><strong>Edi\u00e7\u00e3o:<\/strong> 1\u00aa, independente<\/li>\n<li><b>N\u00ba de p\u00e1ginas:<\/b> 510<\/li>\n<li><strong>N\u00ba de imagens:<\/strong> 29 fotos preto e branco<\/li>\n<li><strong>Conte\u00fado extra: <\/strong>166 fotos coloridas + 33 mapas + ~5 horas de epis\u00f3dios em filme;<\/li>\n<li><b>Idioma:<\/b> Portugu\u00eas brasileiro<\/li>\n<li><strong>Faixa et\u00e1ria:<\/strong> Adulto<\/li>\n<li><b>Formato: <\/b>Brochura 15&#215;23<\/li>\n<li><strong>Papel miolo: <\/strong>Avena (creme)<\/li>\n<li><strong>Peso: <\/strong>730g<\/li>\n<\/ul>\n","protected":false},"featured_media":612,"comment_status":"closed","ping_status":"closed","template":"","meta":[],"product_brand":[],"product_cat":[15],"product_tag":[34,39,59,44,38,37,60,17,33,36,35,18,40,31,41,58,32,57,20,62],"class_list":{"0":"post-628","1":"product","2":"type-product","3":"status-publish","4":"has-post-thumbnail","6":"product_cat-livros","7":"product_tag-backpacking","8":"product_tag-bikepacking","9":"product_tag-brochura","10":"product_tag-capa-comum","11":"product_tag-cicloturismo","12":"product_tag-cicloviagem","13":"product_tag-com-dedicatoria","14":"product_tag-diario","15":"product_tag-hitchhiking","16":"product_tag-impresso","17":"product_tag-interativo","18":"product_tag-livro","19":"product_tag-memorias","20":"product_tag-mochilao","21":"product_tag-nao-ficcao","22":"product_tag-papel","23":"product_tag-relatos-de-viagem","24":"product_tag-uiclap","25":"product_tag-volta-ao-mundo","26":"product_tag-word-trip","28":"first","29":"instock","30":"featured","31":"downloadable","32":"sold-individually","33":"shipping-taxable","34":"purchasable","35":"product-type-simple"},"jetpack_sharing_enabled":true,"_links":{"self":[{"href":"https:\/\/aldolammel.com\/loja\/wp-json\/wp\/v2\/product\/628","targetHints":{"allow":["GET"]}}],"collection":[{"href":"https:\/\/aldolammel.com\/loja\/wp-json\/wp\/v2\/product"}],"about":[{"href":"https:\/\/aldolammel.com\/loja\/wp-json\/wp\/v2\/types\/product"}],"replies":[{"embeddable":true,"href":"https:\/\/aldolammel.com\/loja\/wp-json\/wp\/v2\/comments?post=628"}],"wp:featuredmedia":[{"embeddable":true,"href":"https:\/\/aldolammel.com\/loja\/wp-json\/wp\/v2\/media\/612"}],"wp:attachment":[{"href":"https:\/\/aldolammel.com\/loja\/wp-json\/wp\/v2\/media?parent=628"}],"wp:term":[{"taxonomy":"product_brand","embeddable":true,"href":"https:\/\/aldolammel.com\/loja\/wp-json\/wp\/v2\/product_brand?post=628"},{"taxonomy":"product_cat","embeddable":true,"href":"https:\/\/aldolammel.com\/loja\/wp-json\/wp\/v2\/product_cat?post=628"},{"taxonomy":"product_tag","embeddable":true,"href":"https:\/\/aldolammel.com\/loja\/wp-json\/wp\/v2\/product_tag?post=628"}],"curies":[{"name":"wp","href":"https:\/\/api.w.org\/{rel}","templated":true}]}}