{"id":61,"date":"2019-03-06T03:22:46","date_gmt":"2019-03-06T06:22:46","guid":{"rendered":"http:\/\/aldolammel.com\/loja\/?post_type=product&#038;p=61"},"modified":"2025-11-18T15:19:47","modified_gmt":"2025-11-18T18:19:47","slug":"dia-922-uma-longa-historia-sobre-estrada-capa-comum","status":"publish","type":"product","link":"https:\/\/aldolammel.com\/loja\/produto\/dia-922-uma-longa-historia-sobre-estrada-capa-comum\/","title":{"rendered":"Dia 922, Uma longa hist\u00f3ria sobre estrada (Capa comum nacional)"},"content":{"rendered":"<p><strong>Demonstra\u00e7\u00e3o:<\/strong><\/p>\n<ul>\n<li><a href=\"https:\/\/medium.com\/p\/7894f6d1afd2\" target=\"_blank\" rel=\"noopener noreferrer\">Cap\u00edtulo de introdu\u00e7\u00e3o<\/a><\/li>\n<\/ul>\n<p><strong>Dados do produto:<\/strong><\/p>\n<ul>\n<li><strong>ISBN:<\/strong> 978-65-00-29369-2<\/li>\n<li><strong>Autor: <\/strong>Aldo Lammel<\/li>\n<li><strong>Edi\u00e7\u00e3o:<\/strong> 1\u00aa, independente<\/li>\n<li><b>N\u00ba de p\u00e1ginas:<\/b> 510<\/li>\n<li><strong>N\u00ba de imagens:<\/strong> 29 fotos preto e branco<\/li>\n<li><strong>Conte\u00fado extra: <\/strong>166 fotos coloridas + 33 mapas + ~5 horas de epis\u00f3dios em filme;<\/li>\n<li><b>Idioma:<\/b> Portugu\u00eas brasileiro<\/li>\n<li><strong>Faixa et\u00e1ria:<\/strong> Adulto<\/li>\n<li><b>Formato: <\/b>Brochura 15&#215;23<\/li>\n<li><strong>Papel miolo: <\/strong>Avena Off-white (creme) 80g\/m\u00b2<\/li>\n<li><strong>Peso: <\/strong>730g<\/li>\n<li><strong>Custo impress\u00e3o:<\/strong> R$66,20<\/li>\n<li><strong>Lucro do autor:<\/strong> R$3,70 (5%)<\/li>\n<\/ul>\n","protected":false},"excerpt":{"rendered":"<p><strong>Edi\u00e7\u00e3o para venda e entrega no Brasil.<\/strong> Para venda e entrega do livro impresso para fora do Brasil, utilize a <a href=\"https:\/\/aldolammel.com\/loja\/produto\/dia-922-capa-comum-internacional\/\">vers\u00e3o impressa internacional<\/a>.<\/p>\n<p><strong>E se voc\u00ea dedicasse tr\u00eas anos da sua vida para viajar o mundo do jeito que fosse poss\u00edvel? Qual seria o dia que mais o marcaria?<\/strong><\/p>\n<p><em><strong>Dia 922<\/strong><\/em> \u00e9 um mergulho visceral na vida n\u00f4made de um brasileiro de 30 anos em sua aventura global, sem dinheiro, sem falar outros idiomas e sozinho por 1.135 dias de estrada.<\/p>\n<p>Escrito ao longo dos 33 pa\u00edses da jornada, o livro \u00e9 um registro vivo de pessoas, lugares e o tempo em movimento. Uma hist\u00f3ria real sobre sonhar, fazer acontecer e se divertir.<\/p>\n","protected":false},"featured_media":740,"comment_status":"open","ping_status":"closed","template":"","meta":[],"product_brand":[],"product_cat":[15],"product_tag":[34,39,59,44,38,37,17,33,36,35,18,40,31,41,58,32,57,20,61],"class_list":{"0":"post-61","1":"product","2":"type-product","3":"status-publish","4":"has-post-thumbnail","6":"product_cat-livros","7":"product_tag-backpacking","8":"product_tag-bikepacking","9":"product_tag-brochura","10":"product_tag-capa-comum","11":"product_tag-cicloturismo","12":"product_tag-cicloviagem","13":"product_tag-diario","14":"product_tag-hitchhiking","15":"product_tag-impresso","16":"product_tag-interativo","17":"product_tag-livro","18":"product_tag-memorias","19":"product_tag-mochilao","20":"product_tag-nao-ficcao","21":"product_tag-papel","22":"product_tag-relatos-de-viagem","23":"product_tag-uiclap","24":"product_tag-volta-ao-mundo","25":"product_tag-world-trip","27":"first","28":"instock","29":"featured","30":"shipping-taxable","31":"product-type-external"},"jetpack_sharing_enabled":true,"_links":{"self":[{"href":"https:\/\/aldolammel.com\/loja\/wp-json\/wp\/v2\/product\/61","targetHints":{"allow":["GET"]}}],"collection":[{"href":"https:\/\/aldolammel.com\/loja\/wp-json\/wp\/v2\/product"}],"about":[{"href":"https:\/\/aldolammel.com\/loja\/wp-json\/wp\/v2\/types\/product"}],"replies":[{"embeddable":true,"href":"https:\/\/aldolammel.com\/loja\/wp-json\/wp\/v2\/comments?post=61"}],"wp:featuredmedia":[{"embeddable":true,"href":"https:\/\/aldolammel.com\/loja\/wp-json\/wp\/v2\/media\/740"}],"wp:attachment":[{"href":"https:\/\/aldolammel.com\/loja\/wp-json\/wp\/v2\/media?parent=61"}],"wp:term":[{"taxonomy":"product_brand","embeddable":true,"href":"https:\/\/aldolammel.com\/loja\/wp-json\/wp\/v2\/product_brand?post=61"},{"taxonomy":"product_cat","embeddable":true,"href":"https:\/\/aldolammel.com\/loja\/wp-json\/wp\/v2\/product_cat?post=61"},{"taxonomy":"product_tag","embeddable":true,"href":"https:\/\/aldolammel.com\/loja\/wp-json\/wp\/v2\/product_tag?post=61"}],"curies":[{"name":"wp","href":"https:\/\/api.w.org\/{rel}","templated":true}]}}