{"id":576,"date":"2021-08-17T23:56:01","date_gmt":"2021-08-18T02:56:01","guid":{"rendered":"https:\/\/aldolammel.com\/loja\/?post_type=product&#038;p=576"},"modified":"2025-12-05T17:27:55","modified_gmt":"2025-12-05T20:27:55","slug":"dia-922-uma-longa-historia-sobre-estrada-ebook-kindle","status":"publish","type":"product","link":"https:\/\/aldolammel.com\/loja\/produto\/dia-922-uma-longa-historia-sobre-estrada-ebook-kindle\/","title":{"rendered":"Dia 922, Uma longa hist\u00f3ria sobre estrada (eBook Kindle)"},"content":{"rendered":"<p><strong>Demonstra\u00e7\u00e3o:<\/strong><\/p>\n<ul>\n<li><a href=\"https:\/\/medium.com\/p\/7894f6d1afd2\" target=\"_blank\" rel=\"noopener noreferrer\">Cap\u00edtulo de introdu\u00e7\u00e3o<\/a><\/li>\n<\/ul>\n<p><strong>Dados do produto:<\/strong><\/p>\n<ul>\n<li><strong>ISBN:<\/strong> 978-65-00-28966-4<\/li>\n<li><strong>Autor: <\/strong>Aldo Lammel<\/li>\n<li><strong>Edi\u00e7\u00e3o:<\/strong> 1\u00aa, independente<\/li>\n<li><b>N\u00ba de p\u00e1ginas:<\/b> 510<\/li>\n<li><strong>N\u00ba de imagens:<\/strong> 29 fotos coloridas<\/li>\n<li><strong>Conte\u00fado extra: <\/strong>166 fotos + 33 mapas + ~5 horas de epis\u00f3dios em filme;<\/li>\n<li><b>Idioma:<\/b> Portugu\u00eas brasileiro<\/li>\n<li><b>Faixa et\u00e1ria:<\/b> Adulto<\/li>\n<li><b>Formato:<\/b> Kindle (.awz)<\/li>\n<li><b>Tamanho do arquivo:<\/b> 5Mb<\/li>\n<li><strong>Leitores compat\u00edveis:<\/strong> <a href=\"https:\/\/www.google.com\/search?q=comprar+%2B+kindle+%2B+dispositivo+%2B+site%3Aamazon.com.br&amp;sxsrf=ALeKk01pdesi09zUtpCNlUFJ0cF5m2Odiw%3A1629308826607&amp;ei=mkcdYa3AJL-s5OUPy9m3mAs&amp;oq=comprar+%2B+kindle+%2B+dispositivo+%2B+site%3Aamazon.com.br&amp;gs_lcp=Cgdnd3Mtd2l6EAM6BwgAEEcQsAM6BggAEBYQHjoGCAAQCBAeOggIIRAWEB0QHjoFCCEQoAFKBAhBGABQg4ECWKWFA2C8iANoA3ACeACAAaQBiAGyF5IBBDMuMjOYAQCgAQGgAQKwAQDIAQjAAQE&amp;sclient=gws-wiz&amp;ved=0ahUKEwit9dqukLvyAhU_FrkGHcvsDbMQ4dUDCA4&amp;uact=5\" target=\"_blank\" rel=\"noopener\">Dispositivos Kindle<\/a>, <a href=\"https:\/\/play.google.com\/store\/apps\/details?id=com.amazon.kindle&amp;hl=pt-br\" target=\"_blank\" rel=\"noopener\">Kindle App (Android)<\/a>, <a href=\"https:\/\/apps.apple.com\/br\/app\/amazon-kindle\/id302584613\" target=\"_blank\" rel=\"noopener\">Kindle App (iOS)<\/a>, <a href=\"https:\/\/www.amazon.com.br\/b?ie=UTF8&amp;node=17877530011\" target=\"_blank\" rel=\"noopener\">Kindle PC (Windows)<\/a>, <a href=\"https:\/\/www.amazon.com.br\/b?ie=UTF8&amp;node=17877530011\" target=\"_blank\" rel=\"noopener\">Kindle Mac (MacOS)<\/a><\/li>\n<\/ul>\n","protected":false},"excerpt":{"rendered":"<p><strong>E se voc\u00ea dedicasse tr\u00eas anos da sua vida para viajar o mundo do jeito que fosse poss\u00edvel? Qual seria o dia que mais o marcaria?<\/strong><\/p>\n<p><em><strong>Dia 922<\/strong><\/em> \u00e9 um mergulho visceral na vida n\u00f4made de um brasileiro de 30 anos em sua aventura global, sem dinheiro, sem falar outros idiomas e sozinho por 1.135 dias de estrada.<\/p>\n<p>Escrito ao longo dos 33 pa\u00edses da jornada, o livro \u00e9 um registro vivo de pessoas, lugares e o tempo em movimento. Uma hist\u00f3ria real sobre sonhar, fazer acontecer e se divertir.<\/p>\n<p>(*) Imagens meramente ilustrativas.<\/p>\n","protected":false},"featured_media":601,"comment_status":"open","ping_status":"closed","template":"","meta":[],"product_brand":[],"product_cat":[15],"product_tag":[54,34,17,25,33,35,43,40,31,41,32,19,20],"class_list":{"0":"post-576","1":"product","2":"type-product","3":"status-publish","4":"has-post-thumbnail","6":"product_cat-livros","7":"product_tag-awz","8":"product_tag-backpacking","9":"product_tag-diario","10":"product_tag-ebook","11":"product_tag-hitchhiking","12":"product_tag-interativo","13":"product_tag-kindle","14":"product_tag-memorias","15":"product_tag-mochilao","16":"product_tag-nao-ficcao","17":"product_tag-relatos-de-viagem","18":"product_tag-viagem","19":"product_tag-volta-ao-mundo","21":"first","22":"instock","23":"featured","24":"shipping-taxable","25":"product-type-external"},"jetpack_sharing_enabled":true,"_links":{"self":[{"href":"https:\/\/aldolammel.com\/loja\/wp-json\/wp\/v2\/product\/576","targetHints":{"allow":["GET"]}}],"collection":[{"href":"https:\/\/aldolammel.com\/loja\/wp-json\/wp\/v2\/product"}],"about":[{"href":"https:\/\/aldolammel.com\/loja\/wp-json\/wp\/v2\/types\/product"}],"replies":[{"embeddable":true,"href":"https:\/\/aldolammel.com\/loja\/wp-json\/wp\/v2\/comments?post=576"}],"wp:featuredmedia":[{"embeddable":true,"href":"https:\/\/aldolammel.com\/loja\/wp-json\/wp\/v2\/media\/601"}],"wp:attachment":[{"href":"https:\/\/aldolammel.com\/loja\/wp-json\/wp\/v2\/media?parent=576"}],"wp:term":[{"taxonomy":"product_brand","embeddable":true,"href":"https:\/\/aldolammel.com\/loja\/wp-json\/wp\/v2\/product_brand?post=576"},{"taxonomy":"product_cat","embeddable":true,"href":"https:\/\/aldolammel.com\/loja\/wp-json\/wp\/v2\/product_cat?post=576"},{"taxonomy":"product_tag","embeddable":true,"href":"https:\/\/aldolammel.com\/loja\/wp-json\/wp\/v2\/product_tag?post=576"}],"curies":[{"name":"wp","href":"https:\/\/api.w.org\/{rel}","templated":true}]}}